{"id":69,"date":"2019-02-14T06:58:53","date_gmt":"2019-02-14T06:58:53","guid":{"rendered":"http:\/\/kindergarten.thimpress.com\/?page_id=69"},"modified":"2024-12-11T05:48:40","modified_gmt":"2024-12-11T05:48:40","slug":"contact-us","status":"publish","type":"page","link":"https:\/\/vidanueva.edu.co\/campestre\/contact-us\/","title":{"rendered":"Contacto"},"content":{"rendered":"\t\t<div data-elementor-type=\"wp-post\" data-elementor-id=\"69\" class=\"elementor elementor-69\" data-elementor-post-type=\"page\">\n\t\t\t\t\t\t<section class=\"elementor-section elementor-top-section elementor-element elementor-element-1192f5a no-gutters elementor-section-boxed elementor-section-height-default elementor-section-height-default\" data-id=\"1192f5a\" data-element_type=\"section\">\n\t\t\t\t\t\t<div class=\"elementor-container elementor-column-gap-default\">\n\t\t\t\t\t<div class=\"elementor-column elementor-col-50 elementor-top-column elementor-element elementor-element-f154036\" data-id=\"f154036\" data-element_type=\"column\">\n\t\t\t<div class=\"elementor-widget-wrap elementor-element-populated\">\n\t\t\t\t\t\t<div class=\"elementor-element elementor-element-6866c5d8 elementor-widget elementor-widget-thim-heading\" data-id=\"6866c5d8\" data-element_type=\"widget\" data-widget_type=\"thim-heading.default\">\n\t\t\t\t<div class=\"elementor-widget-container\">\n\t\t\t\t\t\n<div class=\"bp-element bp-element-heading  align-center kindergarten-layout-1  \" >\n        <h3 class=\"title\"  style=\"text-transform:none; margin:0px; \">\n    Deja tus datos    <\/h3>\n\n    <div class=\"line\" ><\/div>\n\n\n\n<\/div>\t\t\t\t<\/div>\n\t\t\t\t<\/div>\n\t\t\t\t<div class=\"elementor-element elementor-element-7618ae6d elementor-widget elementor-widget-shortcode\" data-id=\"7618ae6d\" data-element_type=\"widget\" data-widget_type=\"shortcode.default\">\n\t\t\t\t<div class=\"elementor-widget-container\">\n\t\t\t\t\t\t\t<div class=\"elementor-shortcode\">\n<div class=\"wpcf7 no-js\" id=\"wpcf7-f563-o1\" lang=\"en-US\" dir=\"ltr\" data-wpcf7-id=\"563\">\n<div class=\"screen-reader-response\"><p role=\"status\" aria-live=\"polite\" aria-atomic=\"true\"><\/p> <ul><\/ul><\/div>\n<form action=\"\/campestre\/wp-json\/wp\/v2\/pages\/69#wpcf7-f563-o1\" method=\"post\" class=\"wpcf7-form init\" aria-label=\"Contact form\" novalidate=\"novalidate\" data-status=\"init\">\n<fieldset class=\"hidden-fields-container\"><input type=\"hidden\" name=\"_wpcf7\" value=\"563\" \/><input type=\"hidden\" name=\"_wpcf7_version\" value=\"6.1.1\" \/><input type=\"hidden\" name=\"_wpcf7_locale\" value=\"en_US\" \/><input type=\"hidden\" name=\"_wpcf7_unit_tag\" value=\"wpcf7-f563-o1\" \/><input type=\"hidden\" name=\"_wpcf7_container_post\" value=\"0\" \/><input type=\"hidden\" name=\"_wpcf7_posted_data_hash\" value=\"\" \/>\n<\/fieldset>\n<div class=\"contact-form-3\">\n\t<p><label class=\"wrap-input half-width\"> <span class=\"wpcf7-form-control-wrap\" data-name=\"your-first-name\"><input size=\"40\" maxlength=\"400\" class=\"wpcf7-form-control wpcf7-text wpcf7-validates-as-required input-field\" aria-required=\"true\" aria-invalid=\"false\" placeholder=\"First Name\" value=\"\" type=\"text\" name=\"your-first-name\" \/><\/span> <\/label><label class=\"wrap-input half-width\"> <span class=\"wpcf7-form-control-wrap\" data-name=\"your-last-name\"><input size=\"40\" maxlength=\"400\" class=\"wpcf7-form-control wpcf7-text wpcf7-validates-as-required input-field\" aria-required=\"true\" aria-invalid=\"false\" placeholder=\"Last Name\" value=\"\" type=\"text\" name=\"your-last-name\" \/><\/span> <\/label><label class=\"wrap-input half-width\"> <span class=\"wpcf7-form-control-wrap\" data-name=\"your-email\"><input size=\"40\" maxlength=\"400\" class=\"wpcf7-form-control wpcf7-email wpcf7-validates-as-required wpcf7-text wpcf7-validates-as-email input-field\" aria-required=\"true\" aria-invalid=\"false\" placeholder=\"Email\" value=\"\" type=\"email\" name=\"your-email\" \/><\/span> <\/label><label class=\"wrap-input half-width\"> <span class=\"wpcf7-form-control-wrap\" data-name=\"your-subject\"><input size=\"40\" maxlength=\"400\" class=\"wpcf7-form-control wpcf7-text wpcf7-validates-as-required input-field\" aria-required=\"true\" aria-invalid=\"false\" placeholder=\"Subject\" value=\"\" type=\"text\" name=\"your-subject\" \/><\/span> <\/label><label class=\"wrap-input\"> <span class=\"wpcf7-form-control-wrap\" data-name=\"your-message\"><textarea cols=\"40\" rows=\"4\" maxlength=\"2000\" class=\"wpcf7-form-control wpcf7-textarea input-field\" aria-invalid=\"false\" placeholder=\"Message\" name=\"your-message\"><\/textarea><\/span> <\/label><input class=\"wpcf7-form-control wpcf7-submit has-spinner form-submit\" type=\"submit\" value=\"send message\" \/>\n\t<\/p>\n<\/div><div class=\"wpcf7-response-output\" aria-hidden=\"true\"><\/div>\n<\/form>\n<\/div>\n<\/div>\n\t\t\t\t\t\t<\/div>\n\t\t\t\t<\/div>\n\t\t\t\t\t<\/div>\n\t\t<\/div>\n\t\t\t\t<div class=\"elementor-column elementor-col-50 elementor-top-column elementor-element elementor-element-aeb5e29\" data-id=\"aeb5e29\" data-element_type=\"column\">\n\t\t\t<div class=\"elementor-widget-wrap elementor-element-populated\">\n\t\t\t\t\t\t<div class=\"elementor-element elementor-element-328cb75 elementor-widget elementor-widget-thim-heading\" data-id=\"328cb75\" data-element_type=\"widget\" data-widget_type=\"thim-heading.default\">\n\t\t\t\t<div class=\"elementor-widget-container\">\n\t\t\t\t\t\n<div class=\"bp-element bp-element-heading  align-left kindergarten-layout-1  \" >\n        <h3 class=\"title\"  style=\"text-transform:none; margin:0 0 9px 0; \">\n    Cont\u00e1ctanos    <\/h3>\n\n    <div class=\"line\"  style=\"margin:1px 0 15px; \"><\/div>\n\n    <span class=\"sub-title\"  style=\"line-height:1.625; text-transform:none; \">Estamos aqu\u00ed para ayudarte. Completa el formulario de contacto o utiliza nuestras v\u00edas de comunicaci\u00f3n para resolver tus dudas, recibir informaci\u00f3n o coordinar una visita. \u00a1Nos encantar\u00eda saber de ti!<\/span>\n\n\n<\/div>\t\t\t\t<\/div>\n\t\t\t\t<\/div>\n\t\t\t\t<div class=\"elementor-element elementor-element-4e73f19 elementor-widget elementor-widget-text-editor\" data-id=\"4e73f19\" data-element_type=\"widget\" data-widget_type=\"text-editor.default\">\n\t\t\t\t<div class=\"elementor-widget-container\">\n\t\t\t\t\t\t\t\t\t<div class=\"bl-list kindergarten-layout-3\"><ul class=\"list\"><li class=\"list-item\"><i class=\"fa fa-phone\"><\/i> <a href=\"#\">(04) 3245-6988<\/a><\/li><li class=\"list-item\"><i class=\"fa fa-envelope-o\"><\/i>info<a href=\"#\">@vidanueva.edu.co<\/a><\/li><li class=\"list-item\"><i class=\"fa fa-fax\"><\/i>(102) 6969 8888<\/li><li class=\"list-item\"><i class=\"fa fa-map-marker\"><\/i><div class=\"wDYxhc\" data-attrid=\"kc:\/location\/location:address\" data-md=\"1002\" data-hveid=\"CDkQAA\" data-ved=\"2ahUKEwjc4YHlgZ-KAxUGSTABHd8TJ5IQkCl6BAg5EAA\"><div class=\"Z1hOCe\"><div class=\"zloOqf PZPZlf\" data-dtype=\"d3ifr\" data-local-attribute=\"d3adr\" data-mid=\"\/g\/11t3f4p0mb\" data-ved=\"2ahUKEwjc4YHlgZ-KAxUGSTABHd8TJ5IQghwoAHoECDkQAQ\"><span class=\"LrzXr\">Via la union, Graja el refugio, Via Vda. Alto Charco, Sibat\u00e9, Cundinamarca<\/span><\/div><\/div><\/div><\/li><li class=\"list-item\"><i class=\"ion ion-android-alarm-clock\"><\/i>Horario de atenci\u00f3n:<br \/>Lunes a viernes de 8:00 a 18:00.<\/li><\/ul><\/div>\t\t\t\t\t\t\t\t<\/div>\n\t\t\t\t<\/div>\n\t\t\t\t\t<\/div>\n\t\t<\/div>\n\t\t\t\t\t<\/div>\n\t\t<\/section>\n\t\t\t\t<section class=\"elementor-section elementor-top-section elementor-element elementor-element-67f2d4d elementor-section-full_width elementor-section-stretched elementor-section-height-default elementor-section-height-default\" data-id=\"67f2d4d\" data-element_type=\"section\" data-settings=\"{&quot;stretch_section&quot;:&quot;section-stretched&quot;}\">\n\t\t\t\t\t\t<div class=\"elementor-container elementor-column-gap-no\">\n\t\t\t\t\t<div class=\"elementor-column elementor-col-100 elementor-top-column elementor-element elementor-element-a4f2aad\" data-id=\"a4f2aad\" data-element_type=\"column\">\n\t\t\t<div class=\"elementor-widget-wrap elementor-element-populated\">\n\t\t\t\t\t\t<div class=\"elementor-element elementor-element-ce935fd elementor-widget elementor-widget-google_maps\" data-id=\"ce935fd\" data-element_type=\"widget\" data-widget_type=\"google_maps.default\">\n\t\t\t\t<div class=\"elementor-widget-container\">\n\t\t\t\t\t\t\t<div class=\"elementor-custom-embed\">\n\t\t\t<iframe loading=\"lazy\"\n\t\t\t\t\tsrc=\"https:\/\/maps.google.com\/maps?q=ia%20la%20union%2C%20Graja%20el%20refugio%2C%20Via%20Vda.%20Alto%20Charco%2C%20Sibat%C3%A9%2C%20Cundinamarca&#038;t=m&#038;z=14&#038;output=embed&#038;iwloc=near\"\n\t\t\t\t\ttitle=\"ia la union, Graja el refugio, Via Vda. Alto Charco, Sibat\u00e9, Cundinamarca\"\n\t\t\t\t\taria-label=\"ia la union, Graja el refugio, Via Vda. Alto Charco, Sibat\u00e9, Cundinamarca\"\n\t\t\t><\/iframe>\n\t\t<\/div>\n\t\t\t\t\t\t<\/div>\n\t\t\t\t<\/div>\n\t\t\t\t\t<\/div>\n\t\t<\/div>\n\t\t\t\t\t<\/div>\n\t\t<\/section>\n\t\t\t\t<\/div>\n\t\t","protected":false},"excerpt":{"rendered":"<p>Deja tus datos Cont\u00e1ctanos Estamos aqu\u00ed para ayudarte. Completa el formulario de contacto o utiliza nuestras v\u00edas de comunicaci\u00f3n para&#8230;<\/p>\n","protected":false},"author":1,"featured_media":0,"parent":0,"menu_order":0,"comment_status":"closed","ping_status":"closed","template":"","meta":{"footnotes":""},"class_list":["post-69","page","type-page","status-publish","hentry"],"_links":{"self":[{"href":"https:\/\/vidanueva.edu.co\/campestre\/wp-json\/wp\/v2\/pages\/69","targetHints":{"allow":["GET"]}}],"collection":[{"href":"https:\/\/vidanueva.edu.co\/campestre\/wp-json\/wp\/v2\/pages"}],"about":[{"href":"https:\/\/vidanueva.edu.co\/campestre\/wp-json\/wp\/v2\/types\/page"}],"author":[{"embeddable":true,"href":"https:\/\/vidanueva.edu.co\/campestre\/wp-json\/wp\/v2\/users\/1"}],"replies":[{"embeddable":true,"href":"https:\/\/vidanueva.edu.co\/campestre\/wp-json\/wp\/v2\/comments?post=69"}],"version-history":[{"count":10,"href":"https:\/\/vidanueva.edu.co\/campestre\/wp-json\/wp\/v2\/pages\/69\/revisions"}],"predecessor-version":[{"id":1350,"href":"https:\/\/vidanueva.edu.co\/campestre\/wp-json\/wp\/v2\/pages\/69\/revisions\/1350"}],"wp:attachment":[{"href":"https:\/\/vidanueva.edu.co\/campestre\/wp-json\/wp\/v2\/media?parent=69"}],"curies":[{"name":"wp","href":"https:\/\/api.w.org\/{rel}","templated":true}]}}