{"id":579,"date":"2019-02-15T04:26:56","date_gmt":"2019-02-15T04:26:56","guid":{"rendered":"http:\/\/kindergarten.thimpress.com\/?page_id=579"},"modified":"2024-12-12T05:44:12","modified_gmt":"2024-12-12T05:44:12","slug":"faq","status":"publish","type":"page","link":"https:\/\/vidanueva.edu.co\/campestre\/faq\/","title":{"rendered":"FAQ"},"content":{"rendered":"\t\t<div data-elementor-type=\"wp-post\" data-elementor-id=\"579\" class=\"elementor elementor-579\" data-elementor-post-type=\"page\">\n\t\t\t\t\t\t<section class=\"elementor-section elementor-top-section elementor-element elementor-element-91d3606 no-gutters elementor-section-boxed elementor-section-height-default elementor-section-height-default\" data-id=\"91d3606\" data-element_type=\"section\">\n\t\t\t\t\t\t<div class=\"elementor-container elementor-column-gap-default\">\n\t\t\t\t\t<div class=\"elementor-column elementor-col-66 elementor-top-column elementor-element elementor-element-92c7db4\" data-id=\"92c7db4\" data-element_type=\"column\">\n\t\t\t<div class=\"elementor-widget-wrap elementor-element-populated\">\n\t\t\t\t\t\t<div class=\"elementor-element elementor-element-5329214 elementor-widget elementor-widget-thim-heading\" data-id=\"5329214\" data-element_type=\"widget\" data-widget_type=\"thim-heading.default\">\n\t\t\t\t<div class=\"elementor-widget-container\">\n\t\t\t\t\t\n<div class=\"bp-element bp-element-heading  align-center kindergarten-layout-1  \" >\n        <h3 class=\"title\"  style=\"text-transform:none; margin:0px; \">\n    Preguntas Frecuentes    <\/h3>\n\n    <div class=\"line\" ><\/div>\n\n\n\n<\/div>\t\t\t\t<\/div>\n\t\t\t\t<\/div>\n\t\t\t\t<div class=\"elementor-element elementor-element-47005da elementor-widget elementor-widget-thim-accordion\" data-id=\"47005da\" data-element_type=\"widget\" data-widget_type=\"thim-accordion.default\">\n\t\t\t\t<div class=\"elementor-widget-container\">\n\t\t\t\t\t\n<div class=\"bp-element bp-element-accordion js-call-accordion kindergarten-layout-1   \" >\n    <div class=\"wrap-element\">\n                                <div class=\"accordion-item color-1 js-dropdown active-dropdown\" >\n                    <div class=\"question js-toggle-dropdown\" >\n                                                    <i class=\"media-icon ionicons ion-university\"                                aria-hidden=\"true\"><\/i>\n                                                \u00bfQu\u00e9 enfoque educativo tiene el liceo y c\u00f3mo garantiza el desarrollo integral de los estudiantes?                    <\/div>\n\n                    <div class=\"answer js-dropdown-content\">\n                        El Liceo Campestre Vida Nueva promueve un enfoque integral que combina educaci\u00f3n acad\u00e9mica de alta calidad con formaci\u00f3n en valores cristianos. Implementamos metodolog\u00edas modernas, proyectos interdisciplinarios y actividades extracurriculares que desarrollan competencias acad\u00e9micas, sociales y emocionales, preparando a los estudiantes para un mundo en constante cambio. Adem\u00e1s, fomentamos el trabajo en equipo y el pensamiento cr\u00edtico.                    <\/div>\n                <\/div>\n                                            <div class=\"accordion-item color-2 js-dropdown \" >\n                    <div class=\"question js-toggle-dropdown\" >\n                                                    <i class=\"media-icon ionicons ion-social-apple\"                                aria-hidden=\"true\"><\/i>\n                                                \u00bfC\u00f3mo se asegura la calidad acad\u00e9mica y el desempe\u00f1o en pruebas como las Saber?                    <\/div>\n\n                    <div class=\"answer js-dropdown-content\">\n                        La instituci\u00f3n cuenta con docentes altamente calificados, programas de preparaci\u00f3n especializada y simulacros peri\u00f3dicos para fortalecer las habilidades de los estudiantes. Adem\u00e1s, utilizamos estrategias pedag\u00f3gicas innovadoras y recursos tecnol\u00f3gicos que potencian el aprendizaje. El seguimiento individualizado nos permite identificar \u00e1reas de mejora y brindar apoyo a cada estudiante, logrando excelentes resultados en las pruebas Saber.\n\n                    <\/div>\n                <\/div>\n                                            <div class=\"accordion-item color-3 js-dropdown \" >\n                    <div class=\"question js-toggle-dropdown\" >\n                                                    <i class=\"media-icon ionicons ion-paintbrush\"                                aria-hidden=\"true\"><\/i>\n                                                \u00bfQu\u00e9 medidas de seguridad y protocolos tienen en las instalaciones para garantizar el bienestar de los estudiantes?                    <\/div>\n\n                    <div class=\"answer js-dropdown-content\">\n                        El liceo cuenta con un equipo de seguridad capacitado, c\u00e1maras de vigilancia, zonas de acceso controlado y protocolos claros para emergencias. Adem\u00e1s, realizamos simulacros peri\u00f3dicos y formamos al personal en primeros auxilios. La comunicaci\u00f3n con los padres es clave, y se env\u00edan notificaciones inmediatas sobre cualquier situaci\u00f3n. Garantizamos un entorno seguro y confiable para los estudiantes.                    <\/div>\n                <\/div>\n                                            <div class=\"accordion-item color-4 js-dropdown \" >\n                    <div class=\"question js-toggle-dropdown\" >\n                                                    <i class=\"media-icon ionicons ion-music-note\"                                aria-hidden=\"true\"><\/i>\n                                                \u00bfQu\u00e9 estrategias utilizan para mantener una comunicaci\u00f3n efectiva entre el colegio y los padres?                    <\/div>\n\n                    <div class=\"answer js-dropdown-content\">\n                        Utilizamos canales de comunicaci\u00f3n como una plataforma digital, reuniones peri\u00f3dicas y grupos de mensajer\u00eda para mantener informados a los padres sobre el progreso de sus hijos. Adem\u00e1s, organizamos charlas y talleres donde los padres participan activamente en el proceso educativo. Nuestro objetivo es trabajar en conjunto para garantizar el bienestar y \u00e9xito acad\u00e9mico de los estudiantes.                    <\/div>\n                <\/div>\n                                            <div class=\"accordion-item color-5 js-dropdown \" >\n                    <div class=\"question js-toggle-dropdown\" >\n                                                    <i class=\"media-icon ionicons ion-paintbucket\"                                aria-hidden=\"true\"><\/i>\n                                                \u00bfQu\u00e9 apoyo ofrecen a estudiantes con dificultades acad\u00e9micas o emocionales?                    <\/div>\n\n                    <div class=\"answer js-dropdown-content\">\n                        Contamos con un equipo de orientaci\u00f3n escolar que trabaja de la mano con docentes y padres para identificar y atender las necesidades de los estudiantes. Ofrecemos tutor\u00edas acad\u00e9micas personalizadas, talleres de habilidades socioemocionales y programas de bienestar. Nuestro objetivo es crear un ambiente inclusivo donde cada estudiante reciba el apoyo necesario para superar desaf\u00edos.                    <\/div>\n                <\/div>\n                                            <div class=\"accordion-item color-6 js-dropdown \" >\n                    <div class=\"question js-toggle-dropdown\" >\n                                                    <i class=\"media-icon ionicons ion-ios-flag\"                                aria-hidden=\"true\"><\/i>\n                                                \u00bfQu\u00e9 tipo de actividades extracurriculares est\u00e1n disponibles y c\u00f3mo se integran con el desarrollo acad\u00e9mico?                    <\/div>\n\n                    <div class=\"answer js-dropdown-content\">\n                        El liceo ofrece actividades deportivas, art\u00edsticas, cient\u00edficas y culturales que complementan el curr\u00edculo acad\u00e9mico. Estas actividades desarrollan talentos, fomentan el trabajo en equipo y refuerzan el aprendizaje de manera pr\u00e1ctica y divertida. Adem\u00e1s, nuestros programas promueven la disciplina y la creatividad, ayudando a los estudiantes a descubrir nuevas pasiones mientras desarrollan habilidades esenciales para la vida.                    <\/div>\n                <\/div>\n                                            <div class=\"accordion-item color-7 js-dropdown \" >\n                    <div class=\"question js-toggle-dropdown\" >\n                                                    <i class=\"media-icon ionicons ion-paintbrush\"                                aria-hidden=\"true\"><\/i>\n                                                I\u00bfC\u00f3mo se fomenta el desarrollo de valores y habilidades sociales en los estudiantes?                    <\/div>\n\n                    <div class=\"answer js-dropdown-content\">\n                        Incorporamos la formaci\u00f3n en valores como eje central de nuestro programa educativo, promoviendo respeto, responsabilidad y solidaridad. Realizamos talleres y actividades grupales que fortalecen la convivencia y el trabajo en equipo. Adem\u00e1s, el liceo organiza proyectos de servicio comunitario que ense\u00f1an a los estudiantes la importancia de ayudar a los dem\u00e1s y ser agentes de cambio positivo.                    <\/div>\n                <\/div>\n                <\/div>\n<\/div>\t\t\t\t<\/div>\n\t\t\t\t<\/div>\n\t\t\t\t\t<\/div>\n\t\t<\/div>\n\t\t\t\t<div class=\"elementor-column elementor-col-33 elementor-top-column elementor-element elementor-element-366a1e3\" data-id=\"366a1e3\" data-element_type=\"column\">\n\t\t\t<div class=\"elementor-widget-wrap elementor-element-populated\">\n\t\t\t\t\t\t<div class=\"elementor-element elementor-element-caf6b68 elementor-widget elementor-widget-thim-heading\" data-id=\"caf6b68\" data-element_type=\"widget\" data-widget_type=\"thim-heading.default\">\n\t\t\t\t<div class=\"elementor-widget-container\">\n\t\t\t\t\t\n<div class=\"bp-element bp-element-heading  align-center kindergarten-layout-1  \" >\n        <h3 class=\"title\"  style=\"max-width:400px; text-transform:none; margin:0 auto 10px auto; \">\n    Ask a Question    <\/h3>\n\n    <div class=\"line\"  style=\"margin:0 0 15px; \"><\/div>\n\n    <span class=\"sub-title\"  style=\"max-width:400px; text-transform:none; \">If you do not find the answer for your question you can ask us by submitting it using form below<\/span>\n\n\n<\/div>\t\t\t\t<\/div>\n\t\t\t\t<\/div>\n\t\t\t\t<div class=\"elementor-element elementor-element-af67066 elementor-widget elementor-widget-shortcode\" data-id=\"af67066\" data-element_type=\"widget\" data-widget_type=\"shortcode.default\">\n\t\t\t\t<div class=\"elementor-widget-container\">\n\t\t\t\t\t\t\t<div class=\"elementor-shortcode\">\n<div class=\"wpcf7 no-js\" id=\"wpcf7-f581-o1\" lang=\"en-US\" dir=\"ltr\" data-wpcf7-id=\"581\">\n<div class=\"screen-reader-response\"><p role=\"status\" aria-live=\"polite\" aria-atomic=\"true\"><\/p> <ul><\/ul><\/div>\n<form action=\"\/campestre\/wp-json\/wp\/v2\/pages\/579#wpcf7-f581-o1\" method=\"post\" class=\"wpcf7-form init\" aria-label=\"Contact form\" novalidate=\"novalidate\" data-status=\"init\">\n<fieldset class=\"hidden-fields-container\"><input type=\"hidden\" name=\"_wpcf7\" value=\"581\" \/><input type=\"hidden\" name=\"_wpcf7_version\" value=\"6.1.1\" \/><input type=\"hidden\" name=\"_wpcf7_locale\" value=\"en_US\" \/><input type=\"hidden\" name=\"_wpcf7_unit_tag\" value=\"wpcf7-f581-o1\" \/><input type=\"hidden\" name=\"_wpcf7_container_post\" value=\"0\" \/><input type=\"hidden\" name=\"_wpcf7_posted_data_hash\" value=\"\" \/>\n<\/fieldset>\n<div class=\"ask-question-form\">\n\t<p><label class=\"wrap-input\"><span class=\"wpcf7-form-control-wrap\" data-name=\"your-name\"><input size=\"40\" maxlength=\"400\" class=\"wpcf7-form-control wpcf7-text wpcf7-validates-as-required input-field\" aria-required=\"true\" aria-invalid=\"false\" placeholder=\"Name *\" value=\"\" type=\"text\" name=\"your-name\" \/><\/span><\/label><label class=\"wrap-input\"><span class=\"wpcf7-form-control-wrap\" data-name=\"your-email\"><input size=\"40\" maxlength=\"400\" class=\"wpcf7-form-control wpcf7-email wpcf7-validates-as-required wpcf7-text wpcf7-validates-as-email input-field\" aria-required=\"true\" aria-invalid=\"false\" placeholder=\"Email *\" value=\"\" type=\"email\" name=\"your-email\" \/><\/span><\/label><label class=\"wrap-input\"><span class=\"wpcf7-form-control-wrap\" data-name=\"your-subject\"><input size=\"40\" maxlength=\"400\" class=\"wpcf7-form-control wpcf7-text wpcf7-validates-as-required input-field\" aria-required=\"true\" aria-invalid=\"false\" placeholder=\"Subject *\" value=\"\" type=\"text\" name=\"your-subject\" \/><\/span><\/label><label class=\"wrap-input\"><span class=\"wpcf7-form-control-wrap\" data-name=\"your-message\"><textarea cols=\"40\" rows=\"6\" maxlength=\"2000\" class=\"wpcf7-form-control wpcf7-textarea wpcf7-validates-as-required input-field\" aria-required=\"true\" aria-invalid=\"false\" placeholder=\"Question *\" name=\"your-message\"><\/textarea><\/span><\/label><input class=\"wpcf7-form-control wpcf7-submit has-spinner form-submit\" type=\"submit\" value=\"send message\" \/>\n\t<\/p>\n<\/div><div class=\"wpcf7-response-output\" aria-hidden=\"true\"><\/div>\n<\/form>\n<\/div>\n<\/div>\n\t\t\t\t\t\t<\/div>\n\t\t\t\t<\/div>\n\t\t\t\t\t<\/div>\n\t\t<\/div>\n\t\t\t\t\t<\/div>\n\t\t<\/section>\n\t\t\t\t<\/div>\n\t\t","protected":false},"excerpt":{"rendered":"<p>Preguntas Frecuentes \u00bfQu\u00e9 enfoque educativo tiene el liceo y c\u00f3mo garantiza el desarrollo integral de los estudiantes? El Liceo Campestre&#8230;<\/p>\n","protected":false},"author":1,"featured_media":0,"parent":0,"menu_order":0,"comment_status":"closed","ping_status":"closed","template":"","meta":{"footnotes":""},"class_list":["post-579","page","type-page","status-publish","hentry"],"_links":{"self":[{"href":"https:\/\/vidanueva.edu.co\/campestre\/wp-json\/wp\/v2\/pages\/579","targetHints":{"allow":["GET"]}}],"collection":[{"href":"https:\/\/vidanueva.edu.co\/campestre\/wp-json\/wp\/v2\/pages"}],"about":[{"href":"https:\/\/vidanueva.edu.co\/campestre\/wp-json\/wp\/v2\/types\/page"}],"author":[{"embeddable":true,"href":"https:\/\/vidanueva.edu.co\/campestre\/wp-json\/wp\/v2\/users\/1"}],"replies":[{"embeddable":true,"href":"https:\/\/vidanueva.edu.co\/campestre\/wp-json\/wp\/v2\/comments?post=579"}],"version-history":[{"count":9,"href":"https:\/\/vidanueva.edu.co\/campestre\/wp-json\/wp\/v2\/pages\/579\/revisions"}],"predecessor-version":[{"id":1400,"href":"https:\/\/vidanueva.edu.co\/campestre\/wp-json\/wp\/v2\/pages\/579\/revisions\/1400"}],"wp:attachment":[{"href":"https:\/\/vidanueva.edu.co\/campestre\/wp-json\/wp\/v2\/media?parent=579"}],"curies":[{"name":"wp","href":"https:\/\/api.w.org\/{rel}","templated":true}]}}