{"id":100,"date":"2025-08-12T17:16:45","date_gmt":"2025-08-12T17:16:45","guid":{"rendered":"https:\/\/campestre.vidanueva.edu.co\/?page_id=100"},"modified":"2025-08-12T17:16:45","modified_gmt":"2025-08-12T17:16:45","slug":"inicio","status":"publish","type":"page","link":"https:\/\/vidanueva.edu.co\/campestre\/inicio\/","title":{"rendered":"Inicio"},"content":{"rendered":"\n<div class=\"wp-block-cover\" style=\"min-height:60vh;aspect-ratio:unset;\"><span aria-hidden=\"true\" class=\"wp-block-cover__background has-black-background-color has-background-dim-70 has-background-dim\"><\/span><div class=\"wp-block-cover__inner-container is-layout-flow wp-block-cover-is-layout-flow\">\n\n<h1 class=\"has-text-align-center wp-block-heading\">Homeschool cristiano, legal y flexible<\/h1>\n\n\n<p class=\"has-text-align-center\">Educaci\u00f3n personalizada con acompa\u00f1amiento docente y certificaci\u00f3n v\u00e1lida en Colombia.<\/p>\n\n\n<div class=\"wp-block-buttons is-content-justification-center is-layout-flex wp-container-core-buttons-is-layout-16018d1d wp-block-buttons-is-layout-flex\"><div class=\"wp-block-button\"><a class=\"wp-block-button__link wp-element-button\" href=\"\/modelo-homeschool\">Conoce nuestro modelo<\/a><\/div><div class=\"wp-block-button is-style-outline\"><a class=\"wp-block-button__link wp-element-button\" href=\"\/admisiones\">Quiero inscribirme<\/a><\/div><\/div>\n\n<\/div><\/div>\n\n ","protected":false},"excerpt":{"rendered":"","protected":false},"author":1,"featured_media":0,"parent":0,"menu_order":0,"comment_status":"closed","ping_status":"closed","template":"","meta":{"footnotes":""},"class_list":["post-100","page","type-page","status-publish","hentry"],"_links":{"self":[{"href":"https:\/\/vidanueva.edu.co\/campestre\/wp-json\/wp\/v2\/pages\/100","targetHints":{"allow":["GET"]}}],"collection":[{"href":"https:\/\/vidanueva.edu.co\/campestre\/wp-json\/wp\/v2\/pages"}],"about":[{"href":"https:\/\/vidanueva.edu.co\/campestre\/wp-json\/wp\/v2\/types\/page"}],"author":[{"embeddable":true,"href":"https:\/\/vidanueva.edu.co\/campestre\/wp-json\/wp\/v2\/users\/1"}],"replies":[{"embeddable":true,"href":"https:\/\/vidanueva.edu.co\/campestre\/wp-json\/wp\/v2\/comments?post=100"}],"version-history":[{"count":0,"href":"https:\/\/vidanueva.edu.co\/campestre\/wp-json\/wp\/v2\/pages\/100\/revisions"}],"wp:attachment":[{"href":"https:\/\/vidanueva.edu.co\/campestre\/wp-json\/wp\/v2\/media?parent=100"}],"curies":[{"name":"wp","href":"https:\/\/api.w.org\/{rel}","templated":true}]}}